{"id":3305,"date":"2023-10-31T06:28:13","date_gmt":"2023-10-31T06:28:13","guid":{"rendered":"https:\/\/chazeypartners.wpenginepowered.com\/careers\/"},"modified":"2023-11-20T15:07:39","modified_gmt":"2023-11-20T15:07:39","slug":"carreras","status":"publish","type":"page","link":"https:\/\/chazeypartners.com\/es\/carreras\/","title":{"rendered":"Carreras"},"content":{"rendered":"<p><img decoding=\"async\" src=\"https:\/\/chazeypartners.com\/wp-content\/uploads\/2023\/10\/job-e1580161225795-1024x384-1.webp\" alt=\"\" \/><\/p>\n<p>Chazey Partners fue fundada por\u00a0<a href=\"https:\/\/chazeypartners.com\/?p=444\">Phil Searle<\/a>\u00a0en 2006. Ha crecido hasta convertirse en una consultora de gesti\u00f3n reconocida a nivel mundial que abarca varios continentes. Nos especializamos en\u00a0<a href=\"https:\/\/chazeypartners.com\/global-business-service\/\">Servicios Compartidos,<\/a>\u00a0<a href=\"https:\/\/chazeypartners.com\/es\/automatizacion-robotica-de-procesos-rpa\/\">Automatizaci\u00f3n rob\u00f3tica de procesos<\/a>\u00a0y Transformaci\u00f3n\u00a0<a href=\"https:\/\/chazeypartners.com\/es\/transformacion-de-negocios\/\">empresarial.<\/a>\u00a0Nuestro equipo se crea con profesionales altamente experimentados de diferentes or\u00edgenes y son seleccionados a mano seg\u00fan el proyecto del cliente. Si tiene inter\u00e9s en trabajar como consultor en nuestro equipo,<a href=\"https:\/\/chazeypartners.com\/es\/contact-us\/\">\u00a0con\u00e9ctese<\/a>\u00a0con nosotros.<\/p>\n<p><a class=\"btn-black-form-service-cta\" href=\"https:\/\/chazeypartners.com\/all-positions\/\" target=\"_blank\" rel=\"noopener\">Ver todas las posiciones<\/a><\/p>\n","protected":false},"excerpt":{"rendered":"<p>Chazey Partners fue fundada por\u00a0Phil Searle\u00a0en 2006. Ha crecido hasta convertirse en una consultora de gesti\u00f3n reconocida a nivel mundial que abarca varios continentes. Nos especializamos en\u00a0Servicios Compartidos,\u00a0Automatizaci\u00f3n rob\u00f3tica de procesos\u00a0y Transformaci\u00f3n\u00a0empresarial.\u00a0Nuestro equipo se crea con profesionales altamente experimentados de diferentes or\u00edgenes y son seleccionados a mano seg\u00fan el proyecto del cliente. Si tiene inter\u00e9s &hellip; <a href=\"https:\/\/chazeypartners.com\/es\/carreras\/\" class=\"more-link\">Sigue leyendo <span class=\"screen-reader-text\">Carreras<\/span><\/a><\/p>\n","protected":false},"author":1,"featured_media":0,"parent":0,"menu_order":0,"comment_status":"closed","ping_status":"closed","template":"page-templates\/page-generative-ai.php","meta":{"_acf_changed":false,"inline_featured_image":false,"footnotes":""},"class_list":["post-3305","page","type-page","status-publish","hentry"],"acf":[],"yoast_head":"<!-- This site is optimized with the Yoast SEO plugin v27.2 - https:\/\/yoast.com\/product\/yoast-seo-wordpress\/ -->\n<title>Carreras - Chazey Partners<\/title>\n<meta name=\"robots\" content=\"index, follow, max-snippet:-1, max-image-preview:large, max-video-preview:-1\" \/>\n<link rel=\"canonical\" href=\"https:\/\/chazeypartners.com\/es\/carreras\/\" \/>\n<meta property=\"og:locale\" content=\"es_ES\" \/>\n<meta property=\"og:type\" content=\"article\" \/>\n<meta property=\"og:title\" content=\"Carreras - Chazey Partners\" \/>\n<meta property=\"og:description\" content=\"Chazey Partners fue fundada por\u00a0Phil Searle\u00a0en 2006. Ha crecido hasta convertirse en una consultora de gesti\u00f3n reconocida a nivel mundial que abarca varios continentes. Nos especializamos en\u00a0Servicios Compartidos,\u00a0Automatizaci\u00f3n rob\u00f3tica de procesos\u00a0y Transformaci\u00f3n\u00a0empresarial.\u00a0Nuestro equipo se crea con profesionales altamente experimentados de diferentes or\u00edgenes y son seleccionados a mano seg\u00fan el proyecto del cliente. Si tiene inter\u00e9s &hellip; Sigue leyendo Carreras\" \/>\n<meta property=\"og:url\" content=\"https:\/\/chazeypartners.com\/es\/carreras\/\" \/>\n<meta property=\"og:site_name\" content=\"Chazey Partners\" \/>\n<meta property=\"article:modified_time\" content=\"2023-11-20T15:07:39+00:00\" \/>\n<meta property=\"og:image\" content=\"https:\/\/chazeypartners.com\/wp-content\/uploads\/2023\/10\/job-e1580161225795-1024x384-1.webp\" \/>\n<meta name=\"twitter:card\" content=\"summary_large_image\" \/>\n<script type=\"application\/ld+json\" class=\"yoast-schema-graph\">{\"@context\":\"https:\/\/schema.org\",\"@graph\":[{\"@type\":\"WebPage\",\"@id\":\"https:\/\/chazeypartners.com\/es\/carreras\/\",\"url\":\"https:\/\/chazeypartners.com\/es\/carreras\/\",\"name\":\"Carreras - Chazey Partners\",\"isPartOf\":{\"@id\":\"https:\/\/chazeypartners.com\/#website\"},\"primaryImageOfPage\":{\"@id\":\"https:\/\/chazeypartners.com\/es\/carreras\/#primaryimage\"},\"image\":{\"@id\":\"https:\/\/chazeypartners.com\/es\/carreras\/#primaryimage\"},\"thumbnailUrl\":\"https:\/\/chazeypartners.com\/wp-content\/uploads\/2023\/10\/job-e1580161225795-1024x384-1.webp\",\"datePublished\":\"2023-10-31T06:28:13+00:00\",\"dateModified\":\"2023-11-20T15:07:39+00:00\",\"breadcrumb\":{\"@id\":\"https:\/\/chazeypartners.com\/es\/carreras\/#breadcrumb\"},\"inLanguage\":\"es\",\"potentialAction\":[{\"@type\":\"ReadAction\",\"target\":[\"https:\/\/chazeypartners.com\/es\/carreras\/\"]}]},{\"@type\":\"ImageObject\",\"inLanguage\":\"es\",\"@id\":\"https:\/\/chazeypartners.com\/es\/carreras\/#primaryimage\",\"url\":\"https:\/\/chazeypartners.com\/wp-content\/uploads\/2023\/10\/job-e1580161225795-1024x384-1.webp\",\"contentUrl\":\"https:\/\/chazeypartners.com\/wp-content\/uploads\/2023\/10\/job-e1580161225795-1024x384-1.webp\"},{\"@type\":\"BreadcrumbList\",\"@id\":\"https:\/\/chazeypartners.com\/es\/carreras\/#breadcrumb\",\"itemListElement\":[{\"@type\":\"ListItem\",\"position\":1,\"name\":\"Inicio\",\"item\":\"https:\/\/chazeypartners.com\/es\/\"},{\"@type\":\"ListItem\",\"position\":2,\"name\":\"Carreras\"}]},{\"@type\":\"WebSite\",\"@id\":\"https:\/\/chazeypartners.com\/#website\",\"url\":\"https:\/\/chazeypartners.com\/\",\"name\":\"Chazey Partners\",\"description\":\"Chazey Partners, A Subsidiary Of QX Global Group, Is A Practitioner-Led Global Management Consulting And Advisory Services Firm.\",\"potentialAction\":[{\"@type\":\"SearchAction\",\"target\":{\"@type\":\"EntryPoint\",\"urlTemplate\":\"https:\/\/chazeypartners.com\/?s={search_term_string}\"},\"query-input\":{\"@type\":\"PropertyValueSpecification\",\"valueRequired\":true,\"valueName\":\"search_term_string\"}}],\"inLanguage\":\"es\"}]}<\/script>\n<!-- \/ Yoast SEO plugin. -->","yoast_head_json":{"title":"Carreras - Chazey Partners","robots":{"index":"index","follow":"follow","max-snippet":"max-snippet:-1","max-image-preview":"max-image-preview:large","max-video-preview":"max-video-preview:-1"},"canonical":"https:\/\/chazeypartners.com\/es\/carreras\/","og_locale":"es_ES","og_type":"article","og_title":"Carreras - Chazey Partners","og_description":"Chazey Partners fue fundada por\u00a0Phil Searle\u00a0en 2006. Ha crecido hasta convertirse en una consultora de gesti\u00f3n reconocida a nivel mundial que abarca varios continentes. Nos especializamos en\u00a0Servicios Compartidos,\u00a0Automatizaci\u00f3n rob\u00f3tica de procesos\u00a0y Transformaci\u00f3n\u00a0empresarial.\u00a0Nuestro equipo se crea con profesionales altamente experimentados de diferentes or\u00edgenes y son seleccionados a mano seg\u00fan el proyecto del cliente. Si tiene inter\u00e9s &hellip; Sigue leyendo Carreras","og_url":"https:\/\/chazeypartners.com\/es\/carreras\/","og_site_name":"Chazey Partners","article_modified_time":"2023-11-20T15:07:39+00:00","og_image":[{"url":"https:\/\/chazeypartners.com\/wp-content\/uploads\/2023\/10\/job-e1580161225795-1024x384-1.webp","type":"","width":"","height":""}],"twitter_card":"summary_large_image","schema":{"@context":"https:\/\/schema.org","@graph":[{"@type":"WebPage","@id":"https:\/\/chazeypartners.com\/es\/carreras\/","url":"https:\/\/chazeypartners.com\/es\/carreras\/","name":"Carreras - Chazey Partners","isPartOf":{"@id":"https:\/\/chazeypartners.com\/#website"},"primaryImageOfPage":{"@id":"https:\/\/chazeypartners.com\/es\/carreras\/#primaryimage"},"image":{"@id":"https:\/\/chazeypartners.com\/es\/carreras\/#primaryimage"},"thumbnailUrl":"https:\/\/chazeypartners.com\/wp-content\/uploads\/2023\/10\/job-e1580161225795-1024x384-1.webp","datePublished":"2023-10-31T06:28:13+00:00","dateModified":"2023-11-20T15:07:39+00:00","breadcrumb":{"@id":"https:\/\/chazeypartners.com\/es\/carreras\/#breadcrumb"},"inLanguage":"es","potentialAction":[{"@type":"ReadAction","target":["https:\/\/chazeypartners.com\/es\/carreras\/"]}]},{"@type":"ImageObject","inLanguage":"es","@id":"https:\/\/chazeypartners.com\/es\/carreras\/#primaryimage","url":"https:\/\/chazeypartners.com\/wp-content\/uploads\/2023\/10\/job-e1580161225795-1024x384-1.webp","contentUrl":"https:\/\/chazeypartners.com\/wp-content\/uploads\/2023\/10\/job-e1580161225795-1024x384-1.webp"},{"@type":"BreadcrumbList","@id":"https:\/\/chazeypartners.com\/es\/carreras\/#breadcrumb","itemListElement":[{"@type":"ListItem","position":1,"name":"Inicio","item":"https:\/\/chazeypartners.com\/es\/"},{"@type":"ListItem","position":2,"name":"Carreras"}]},{"@type":"WebSite","@id":"https:\/\/chazeypartners.com\/#website","url":"https:\/\/chazeypartners.com\/","name":"Chazey Partners","description":"Chazey Partners, A Subsidiary Of QX Global Group, Is A Practitioner-Led Global Management Consulting And Advisory Services Firm.","potentialAction":[{"@type":"SearchAction","target":{"@type":"EntryPoint","urlTemplate":"https:\/\/chazeypartners.com\/?s={search_term_string}"},"query-input":{"@type":"PropertyValueSpecification","valueRequired":true,"valueName":"search_term_string"}}],"inLanguage":"es"}]}},"_links":{"self":[{"href":"https:\/\/chazeypartners.com\/es\/wp-json\/wp\/v2\/pages\/3305","targetHints":{"allow":["GET"]}}],"collection":[{"href":"https:\/\/chazeypartners.com\/es\/wp-json\/wp\/v2\/pages"}],"about":[{"href":"https:\/\/chazeypartners.com\/es\/wp-json\/wp\/v2\/types\/page"}],"author":[{"embeddable":true,"href":"https:\/\/chazeypartners.com\/es\/wp-json\/wp\/v2\/users\/1"}],"replies":[{"embeddable":true,"href":"https:\/\/chazeypartners.com\/es\/wp-json\/wp\/v2\/comments?post=3305"}],"version-history":[{"count":0,"href":"https:\/\/chazeypartners.com\/es\/wp-json\/wp\/v2\/pages\/3305\/revisions"}],"wp:attachment":[{"href":"https:\/\/chazeypartners.com\/es\/wp-json\/wp\/v2\/media?parent=3305"}],"curies":[{"name":"wp","href":"https:\/\/api.w.org\/{rel}","templated":true}]}}