{"id":2647,"date":"2023-10-11T13:10:15","date_gmt":"2023-10-11T13:10:15","guid":{"rendered":"https:\/\/chazeypartners.wpenginepowered.com\/cookie-policy\/"},"modified":"2023-11-03T07:06:14","modified_gmt":"2023-11-03T07:06:14","slug":"cookie-policy","status":"publish","type":"page","link":"https:\/\/chazeypartners.com\/es\/cookie-policy\/","title":{"rendered":"Cookie Policy"},"content":{"rendered":"<header class=\"entry-header ast-no-thumbnail\">\n<h1 class=\"entry-title\">Pol\u00edtica de cookies<\/h1>\n<div class=\"entry-content clear\">\n<p>Este sitio utiliza cookies \u2013 peque\u00f1os archivos de texto que se colocan en su m\u00e1quina para ayudar al sitio a proporcionar una mejor experiencia de usuario. En general, las cookies se utilizan para conservar las preferencias del usuario y almacenar informaci\u00f3n. Pueden proporcionar datos de seguimiento de anonimato a aplicaciones de terceros como Google Analytics. Por regla general, las cookies mejorar\u00e1n su experiencia de navegaci\u00f3n. Sin embargo, es posible que prefiera desactivar las cookies en este sitio y en otros. La forma m\u00e1s eficaz de hacerlo es desactivar las cookies en su navegador. Le sugerimos consultar la secci\u00f3n Ayuda de su navegador. Tambi\u00e9n puede echar un vistazo al sitio web Acerca de <a href=\"https:\/\/www.aboutcookies.org\">las cookies,<\/a> que ofrece orientaci\u00f3n para todos los navegadores modernos.<\/p>\n<\/div>\n<\/header>\n","protected":false},"excerpt":{"rendered":"<p>Pol\u00edtica de cookies Este sitio utiliza cookies \u2013 peque\u00f1os archivos de texto que se colocan en su m\u00e1quina para ayudar al sitio a proporcionar una mejor experiencia de usuario. En general, las cookies se utilizan para conservar las preferencias del usuario y almacenar informaci\u00f3n. Pueden proporcionar datos de seguimiento de anonimato a aplicaciones de terceros &hellip; <a href=\"https:\/\/chazeypartners.com\/es\/cookie-policy\/\" class=\"more-link\">Sigue leyendo <span class=\"screen-reader-text\">Cookie Policy<\/span><\/a><\/p>\n","protected":false},"author":1,"featured_media":0,"parent":0,"menu_order":0,"comment_status":"closed","ping_status":"open","template":"page-templates\/page-privacy-policy.php","meta":{"_acf_changed":false,"inline_featured_image":false,"footnotes":""},"class_list":["post-2647","page","type-page","status-publish","hentry"],"acf":[],"yoast_head":"<!-- This site is optimized with the Yoast SEO plugin v27.2 - https:\/\/yoast.com\/product\/yoast-seo-wordpress\/ -->\n<title>Cookie Policy - Chazey Partners<\/title>\n<meta name=\"robots\" content=\"index, follow, max-snippet:-1, max-image-preview:large, max-video-preview:-1\" \/>\n<link rel=\"canonical\" href=\"https:\/\/chazeypartners.com\/es\/cookie-policy\/\" \/>\n<meta property=\"og:locale\" content=\"es_ES\" \/>\n<meta property=\"og:type\" content=\"article\" \/>\n<meta property=\"og:title\" content=\"Cookie Policy - Chazey Partners\" \/>\n<meta property=\"og:description\" content=\"Pol\u00edtica de cookies Este sitio utiliza cookies \u2013 peque\u00f1os archivos de texto que se colocan en su m\u00e1quina para ayudar al sitio a proporcionar una mejor experiencia de usuario. En general, las cookies se utilizan para conservar las preferencias del usuario y almacenar informaci\u00f3n. Pueden proporcionar datos de seguimiento de anonimato a aplicaciones de terceros &hellip; Sigue leyendo Cookie Policy\" \/>\n<meta property=\"og:url\" content=\"https:\/\/chazeypartners.com\/es\/cookie-policy\/\" \/>\n<meta property=\"og:site_name\" content=\"Chazey Partners\" \/>\n<meta property=\"article:modified_time\" content=\"2023-11-03T07:06:14+00:00\" \/>\n<meta name=\"twitter:card\" content=\"summary_large_image\" \/>\n<meta name=\"twitter:label1\" content=\"Tiempo de lectura\" \/>\n\t<meta name=\"twitter:data1\" content=\"1 minuto\" \/>\n<script type=\"application\/ld+json\" class=\"yoast-schema-graph\">{\"@context\":\"https:\/\/schema.org\",\"@graph\":[{\"@type\":\"WebPage\",\"@id\":\"https:\/\/chazeypartners.com\/es\/cookie-policy\/\",\"url\":\"https:\/\/chazeypartners.com\/es\/cookie-policy\/\",\"name\":\"Cookie Policy - Chazey Partners\",\"isPartOf\":{\"@id\":\"https:\/\/chazeypartners.com\/#website\"},\"datePublished\":\"2023-10-11T13:10:15+00:00\",\"dateModified\":\"2023-11-03T07:06:14+00:00\",\"breadcrumb\":{\"@id\":\"https:\/\/chazeypartners.com\/es\/cookie-policy\/#breadcrumb\"},\"inLanguage\":\"es\",\"potentialAction\":[{\"@type\":\"ReadAction\",\"target\":[\"https:\/\/chazeypartners.com\/es\/cookie-policy\/\"]}]},{\"@type\":\"BreadcrumbList\",\"@id\":\"https:\/\/chazeypartners.com\/es\/cookie-policy\/#breadcrumb\",\"itemListElement\":[{\"@type\":\"ListItem\",\"position\":1,\"name\":\"Inicio\",\"item\":\"https:\/\/chazeypartners.com\/es\/\"},{\"@type\":\"ListItem\",\"position\":2,\"name\":\"Cookie Policy\"}]},{\"@type\":\"WebSite\",\"@id\":\"https:\/\/chazeypartners.com\/#website\",\"url\":\"https:\/\/chazeypartners.com\/\",\"name\":\"Chazey Partners\",\"description\":\"Chazey Partners, A Subsidiary Of QX Global Group, Is A Practitioner-Led Global Management Consulting And Advisory Services Firm.\",\"potentialAction\":[{\"@type\":\"SearchAction\",\"target\":{\"@type\":\"EntryPoint\",\"urlTemplate\":\"https:\/\/chazeypartners.com\/?s={search_term_string}\"},\"query-input\":{\"@type\":\"PropertyValueSpecification\",\"valueRequired\":true,\"valueName\":\"search_term_string\"}}],\"inLanguage\":\"es\"}]}<\/script>\n<!-- \/ Yoast SEO plugin. -->","yoast_head_json":{"title":"Cookie Policy - Chazey Partners","robots":{"index":"index","follow":"follow","max-snippet":"max-snippet:-1","max-image-preview":"max-image-preview:large","max-video-preview":"max-video-preview:-1"},"canonical":"https:\/\/chazeypartners.com\/es\/cookie-policy\/","og_locale":"es_ES","og_type":"article","og_title":"Cookie Policy - Chazey Partners","og_description":"Pol\u00edtica de cookies Este sitio utiliza cookies \u2013 peque\u00f1os archivos de texto que se colocan en su m\u00e1quina para ayudar al sitio a proporcionar una mejor experiencia de usuario. En general, las cookies se utilizan para conservar las preferencias del usuario y almacenar informaci\u00f3n. Pueden proporcionar datos de seguimiento de anonimato a aplicaciones de terceros &hellip; Sigue leyendo Cookie Policy","og_url":"https:\/\/chazeypartners.com\/es\/cookie-policy\/","og_site_name":"Chazey Partners","article_modified_time":"2023-11-03T07:06:14+00:00","twitter_card":"summary_large_image","twitter_misc":{"Tiempo de lectura":"1 minuto"},"schema":{"@context":"https:\/\/schema.org","@graph":[{"@type":"WebPage","@id":"https:\/\/chazeypartners.com\/es\/cookie-policy\/","url":"https:\/\/chazeypartners.com\/es\/cookie-policy\/","name":"Cookie Policy - Chazey Partners","isPartOf":{"@id":"https:\/\/chazeypartners.com\/#website"},"datePublished":"2023-10-11T13:10:15+00:00","dateModified":"2023-11-03T07:06:14+00:00","breadcrumb":{"@id":"https:\/\/chazeypartners.com\/es\/cookie-policy\/#breadcrumb"},"inLanguage":"es","potentialAction":[{"@type":"ReadAction","target":["https:\/\/chazeypartners.com\/es\/cookie-policy\/"]}]},{"@type":"BreadcrumbList","@id":"https:\/\/chazeypartners.com\/es\/cookie-policy\/#breadcrumb","itemListElement":[{"@type":"ListItem","position":1,"name":"Inicio","item":"https:\/\/chazeypartners.com\/es\/"},{"@type":"ListItem","position":2,"name":"Cookie Policy"}]},{"@type":"WebSite","@id":"https:\/\/chazeypartners.com\/#website","url":"https:\/\/chazeypartners.com\/","name":"Chazey Partners","description":"Chazey Partners, A Subsidiary Of QX Global Group, Is A Practitioner-Led Global Management Consulting And Advisory Services Firm.","potentialAction":[{"@type":"SearchAction","target":{"@type":"EntryPoint","urlTemplate":"https:\/\/chazeypartners.com\/?s={search_term_string}"},"query-input":{"@type":"PropertyValueSpecification","valueRequired":true,"valueName":"search_term_string"}}],"inLanguage":"es"}]}},"_links":{"self":[{"href":"https:\/\/chazeypartners.com\/es\/wp-json\/wp\/v2\/pages\/2647","targetHints":{"allow":["GET"]}}],"collection":[{"href":"https:\/\/chazeypartners.com\/es\/wp-json\/wp\/v2\/pages"}],"about":[{"href":"https:\/\/chazeypartners.com\/es\/wp-json\/wp\/v2\/types\/page"}],"author":[{"embeddable":true,"href":"https:\/\/chazeypartners.com\/es\/wp-json\/wp\/v2\/users\/1"}],"replies":[{"embeddable":true,"href":"https:\/\/chazeypartners.com\/es\/wp-json\/wp\/v2\/comments?post=2647"}],"version-history":[{"count":0,"href":"https:\/\/chazeypartners.com\/es\/wp-json\/wp\/v2\/pages\/2647\/revisions"}],"wp:attachment":[{"href":"https:\/\/chazeypartners.com\/es\/wp-json\/wp\/v2\/media?parent=2647"}],"curies":[{"name":"wp","href":"https:\/\/api.w.org\/{rel}","templated":true}]}}